{"id":170,"date":"2010-06-04T11:14:13","date_gmt":"2010-06-04T14:14:13","guid":{"rendered":"http:\/\/academiamusicalweb.com.ar\/1\/?page_id=170"},"modified":"2017-01-12T12:39:32","modified_gmt":"2017-01-12T15:39:32","slug":"programas","status":"publish","type":"page","link":"http:\/\/academiamusicalweb.com.ar\/1\/programas\/","title":{"rendered":"Programas"},"content":{"rendered":"<h1>Editores de M\u00fasica (Versiones Comerciales)<\/h1>\n<h2>Sibelius<\/h2>\n<p>Sibelius es un avanzado programa de anotaci\u00f3n musical que te ayudar\u00e1 a  crear, escribir, reproducir m\u00fasica e imprimir tus partituras. La mayor  comodidad que ofrece es quiz\u00e1 que permite introducir las notas desde un  teclado MIDI, aunque tambi\u00e9n es destacable otra comodidad: escanear  partituras e importarlas al programa.<\/p>\n<p>Un programa pensado para que pases m\u00e1s tiempo creando m\u00fasica y menos  tiempo escribi\u00e9ndola.<\/p>\n<p><a href=\"http:\/\/www.sibelius.com\/\" target=\"_blank\">Bajar versi\u00f3n DEMO  aqu\u00ed<\/a><\/p>\n<h2>Ear Power<\/h2>\n<p>Entrenamiento musical para cualquier nivel; los algoritmos para el  reconocimiento de inflexiones en la voz permiten al usuario practicar  melod\u00edas, ritmos, intervalos y acordes a trav\u00e9s de un micr\u00f3fono,  mediante voz o instrumento ac\u00fastico.Tambi\u00e9n disponibles: un piano  virtual, una guitarra virtual y Midi. Pr\u00e1cticas personalizables; Nuevo  m\u00e9todo revolucionario para mejorar musicalmente a trav\u00e9s de 3 tipos de  pr\u00e1cticas: reconocimiento, imitaci\u00f3n, creaci\u00f3n. Esta descripci\u00f3n ha sido  traducida autom\u00e1ticamente. Pronto ser\u00e1 reemplazada por una traducci\u00f3n  realizada por un traductor real.<\/p>\n<p><a href=\"http:\/\/www.earpower.com\/\" target=\"_blank\">Bajar versi\u00f3n DEMO  aqu\u00ed<\/a><\/p>\n<h2>Cakewalk<\/h2>\n<p>Cakewalk Sonar es un secuenciador multipista que permite editar  simult\u00e1neamente pistas de audio y pistas MIDI y que admite plugins de  efectos DirectX, DSP\/FX, CFX, VST (a trav\u00e9s del VST adapter),  instrumentos virtuales DXi y VSTi y SoundFonts. Cakewalk Sonar tiene  caracter\u00edsticas similares al Cakewalk Pro Audio siendo una actualizaci\u00f3n  de este.<\/p>\n<p><a href=\"http:\/\/www.cakewalk.com\/\" target=\"_blank\">Bajar versi\u00f3n DEMO  aqu\u00ed<\/a><\/p>\n<h1>Editores de M\u00fasica (Freeware\/Gratis)<\/h1>\n<p><a href=\"http:\/\/www.programas-gratis.net\/descargar-bajar\/editores-musica\" target=\"_blank\">http:\/\/www.programas-gratis.net\/descargar-bajar\/editores-musica<\/a><\/p>\n<h2>Audacity 1.3.6 Beta (2000\/XP\/Vista)<\/h2>\n<p>Programa en Espa\u00f1ol, o tiene una opci\u00f3n multilingue<\/p>\n<p>Audacity es un editor de audio gratuito. Puedes grabar, reproducir,  importar y exportar archivos WAV, AIFF, etc&#8230;<\/p>\n<h2>DarkWave Studio 20071027<\/h2>\n<p>Programa en Ingl\u00e9s o multilingue que no incluye al espa\u00f1ol<\/p>\n<p>Estudio virtual para mezclar y editar m\u00fasica.<\/p>\n<h2>Kristal Audio Engine 1.0.1<\/h2>\n<p>Programa en Ingl\u00e9s o multilingue que no incluye al espa\u00f1ol<\/p>\n<p>Programa gratis que graba, edita, mezcla e incluso remasteriza  cualquier archivo de audio digital.<\/p>\n<h2>Quartz AudioMaster Freeware 4.6<\/h2>\n<p>Programa en Ingl\u00e9s o multilingue que no incluye al espa\u00f1ol<\/p>\n<p>Editor de audio multipista en tiempo real y secuenciador midi.<\/p>\n<h2>Editores de M\u00fasica (Shareware\/Pagos)<\/h2>\n<h2>Ableton Live (Espa\u00f1ol) 7.0.14<\/h2>\n<p>Programa Recomendado por Programas-gratis.net<\/p>\n<p>Programa en Espa\u00f1ol, o tiene una opci\u00f3n multilingue<\/p>\n<p>Lo nunca visto en materia de edici\u00f3n, mezcla y composici\u00f3n de m\u00fasica.<\/p>\n<h2>Cool Record Edit Pro 7.3.1<\/h2>\n<p>Programa en Ingl\u00e9s o multilingue que no incluye al espa\u00f1ol<\/p>\n<p>Edita, optimiza y amplifica el sonido que capte de cualquier fuente  de audio, como conciertos en directo, radio, etc.<\/p>\n<h2>EZ-DJ 1.2<\/h2>\n<p>Programa en Espa\u00f1ol, o tiene una opci\u00f3n multilingue<\/p>\n<p>Permite a\u00f1adir efectos de bater\u00eda, voces, scratching, etc y  exportarlos a WAV, WMA o RM.<\/p>\n","protected":false},"excerpt":{"rendered":"<p>Editores de M\u00fasica (Versiones Comerciales) Sibelius Sibelius es un avanzado programa de anotaci\u00f3n musical que te ayudar\u00e1 a crear, escribir, reproducir m\u00fasica e imprimir tus partituras. La mayor comodidad que ofrece es quiz\u00e1 que permite introducir las notas desde un teclado MIDI, aunque tambi\u00e9n es destacable otra comodidad: escanear partituras &#8230;<\/p>\n","protected":false},"author":16,"featured_media":0,"parent":0,"menu_order":0,"comment_status":"closed","ping_status":"open","template":"","meta":{"ngg_post_thumbnail":0,"footnotes":""},"class_list":["post-170","page","type-page","status-publish","hentry","column","threecol"],"_links":{"self":[{"href":"http:\/\/academiamusicalweb.com.ar\/1\/wp-json\/wp\/v2\/pages\/170","targetHints":{"allow":["GET"]}}],"collection":[{"href":"http:\/\/academiamusicalweb.com.ar\/1\/wp-json\/wp\/v2\/pages"}],"about":[{"href":"http:\/\/academiamusicalweb.com.ar\/1\/wp-json\/wp\/v2\/types\/page"}],"author":[{"embeddable":true,"href":"http:\/\/academiamusicalweb.com.ar\/1\/wp-json\/wp\/v2\/users\/16"}],"replies":[{"embeddable":true,"href":"http:\/\/academiamusicalweb.com.ar\/1\/wp-json\/wp\/v2\/comments?post=170"}],"version-history":[{"count":0,"href":"http:\/\/academiamusicalweb.com.ar\/1\/wp-json\/wp\/v2\/pages\/170\/revisions"}],"wp:attachment":[{"href":"http:\/\/academiamusicalweb.com.ar\/1\/wp-json\/wp\/v2\/media?parent=170"}],"curies":[{"name":"wp","href":"https:\/\/api.w.org\/{rel}","templated":true}]}}